{"id":1840,"date":"2020-12-24T10:19:29","date_gmt":"2020-12-24T10:19:29","guid":{"rendered":"https:\/\/dzima.com\/investor\/"},"modified":"2021-02-04T10:10:01","modified_gmt":"2021-02-04T10:10:01","slug":"investor","status":"publish","type":"page","link":"https:\/\/dzima.com\/en\/investor\/","title":{"rendered":"Shareholders"},"content":{"rendered":"<p>[vc_row css=&#8221;.vc_custom_1608804354963{padding-bottom: 143px !important;}&#8221;][vc_column][vc_custom_heading text=&#8221;2020&#8243; font_container=&#8221;tag:h2|text_align:left|color:%23e12f2f&#8221; use_theme_fonts=&#8221;yes&#8221; el_class=&#8221;title-gt-con&#8221;][vc_custom_heading text=&#8221;B\u00e1o c\u00e1o t\u00e0i ch\u00ednh h\u1ee3p nh\u1ea5t, qu\u00fd 3&#8243; use_theme_fonts=&#8221;yes&#8221; link=&#8221;url:https%3A%2F%2Fdzima.com%2Fwp-content%2Fuploads%2F2020%2F12%2FBao-cao-tai-chinh-Quy-3-2020-hop-nhat_signed.pdf&#8221; el_class=&#8221;down_pdf&#8221;][vc_custom_heading text=&#8221;B\u00e1o c\u00e1o t\u00e0i ch\u00ednh c\u00f4ng ty m\u1eb9, qu\u00fd 3&#8243; use_theme_fonts=&#8221;yes&#8221; link=&#8221;url:https%3A%2F%2Fdzima.com%2Fwp-content%2Fuploads%2F2020%2F12%2FBao-cao-tai-chinh-Quy-3-2020-me_signed.pdf&#8221; el_class=&#8221;down_pdf&#8221;][vc_custom_heading text=&#8221;B\u00e1o c\u00e1o t\u00e0i ch\u00ednh h\u1ee3p nh\u1ea5t 6 th\u00e1ng \u0111\u1ea7u n\u0103m&#8221; use_theme_fonts=&#8221;yes&#8221; link=&#8221;url:https%3A%2F%2Fdzima.com%2Fwp-content%2Fuploads%2F2020%2F12%2FBao-cao-tai-chinh-6T-nam-2020-hop-nhat_signed.pdf&#8221; el_class=&#8221;down_pdf&#8221;][vc_custom_heading text=&#8221;B\u00e1o c\u00e1o t\u00e0i ch\u00ednh h\u1ee3p nh\u1ea5t, qu\u00fd 2&#8243; use_theme_fonts=&#8221;yes&#8221; link=&#8221;url:https%3A%2F%2Fdzima.com%2Fwp-content%2Fuploads%2F2020%2F12%2FBao-cao-tai-chinh-Quy-1-2020-me_signed.pdf&#8221; el_class=&#8221;down_pdf&#8221;][vc_custom_heading text=&#8221;B\u00e1o c\u00e1o t\u00e0i ch\u00ednh c\u00f4ng ty m\u1eb9, qu\u00fd 2&#8243; use_theme_fonts=&#8221;yes&#8221; link=&#8221;url:https%3A%2F%2Fdzima.com%2Fwp-content%2Fuploads%2F2020%2F12%2FBao-cao-tai-chinh-Quy-1-2020-me_signed.pdf&#8221; el_class=&#8221;down_pdf&#8221;][vc_custom_heading text=&#8221;B\u00e1o c\u00e1o t\u00e0i ch\u00ednh h\u1ee3p nh\u1ea5t, qu\u00fd 1&#8243; use_theme_fonts=&#8221;yes&#8221; link=&#8221;url:https%3A%2F%2Fdzima.com%2Fwp-content%2Fuploads%2F2020%2F12%2FBao-cao-tai-chinh-Quy-1-2020-hop-nhat_signed.pdf&#8221; el_class=&#8221;down_pdf&#8221;][vc_custom_heading text=&#8221;B\u00e1o c\u00e1o t\u00e0i ch\u00ednh c\u00f4ng ty m\u1eb9, qu\u00fd 1&#8243; use_theme_fonts=&#8221;yes&#8221; link=&#8221;url:https%3A%2F%2Fdzima.com%2Fwp-content%2Fuploads%2F2020%2F12%2FBao-cao-tai-chinh-Quy-1-2020-me_signed.pdf&#8221; el_class=&#8221;down_pdf&#8221;][\/vc_column][\/vc_row]<\/p>\n","protected":false},"excerpt":{"rendered":"<p>[vc_row css=&#8221;.vc_custom_1608804354963{padding-bottom: 143px !important;}&#8221;][vc_column][vc_custom_heading text=&#8221;2020&#8243; font_container=&#8221;tag:h2|text_align:left|color:%23e12f2f&#8221; use_theme_fonts=&#8221;yes&#8221; el_class=&#8221;title-gt-con&#8221;][vc_custom_heading text=&#8221;B\u00e1o c\u00e1o t\u00e0i ch\u00ednh h\u1ee3p nh\u1ea5t, qu\u00fd 3&#8243; use_theme_fonts=&#8221;yes&#8221; link=&#8221;url:https%3A%2F%2Fdzima.com%2Fwp-content%2Fuploads%2F2020%2F12%2FBao-cao-tai-chinh-Quy-3-2020-hop-nhat_signed.pdf&#8221; el_class=&#8221;down_pdf&#8221;][vc_custom_heading text=&#8221;B\u00e1o c\u00e1o t\u00e0i ch\u00ednh c\u00f4ng ty m\u1eb9, qu\u00fd 3&#8243; use_theme_fonts=&#8221;yes&#8221; link=&#8221;url:https%3A%2F%2Fdzima.com%2Fwp-content%2Fuploads%2F2020%2F12%2FBao-cao-tai-chinh-Quy-3-2020-me_signed.pdf&#8221; el_class=&#8221;down_pdf&#8221;][vc_custom_heading text=&#8221;B\u00e1o c\u00e1o t\u00e0i ch\u00ednh h\u1ee3p nh\u1ea5t 6 th\u00e1ng \u0111\u1ea7u n\u0103m&#8221; use_theme_fonts=&#8221;yes&#8221; link=&#8221;url:https%3A%2F%2Fdzima.com%2Fwp-content%2Fuploads%2F2020%2F12%2FBao-cao-tai-chinh-6T-nam-2020-hop-nhat_signed.pdf&#8221; el_class=&#8221;down_pdf&#8221;][vc_custom_heading text=&#8221;B\u00e1o c\u00e1o t\u00e0i ch\u00ednh h\u1ee3p nh\u1ea5t, qu\u00fd 2&#8243; use_theme_fonts=&#8221;yes&#8221; link=&#8221;url:https%3A%2F%2Fdzima.com%2Fwp-content%2Fuploads%2F2020%2F12%2FBao-cao-tai-chinh-Quy-1-2020-me_signed.pdf&#8221; el_class=&#8221;down_pdf&#8221;][vc_custom_heading<\/p>\n","protected":false},"author":1,"featured_media":0,"parent":0,"menu_order":0,"comment_status":"closed","ping_status":"closed","template":"page-templates\/fullwidthpage.php","meta":[],"yoast_head":"<!-- This site is optimized with the Yoast SEO plugin v15.5 - https:\/\/yoast.com\/wordpress\/plugins\/seo\/ -->\n<title>Shareholders - DZM<\/title>\n<meta name=\"robots\" content=\"index, follow, max-snippet:-1, max-image-preview:large, max-video-preview:-1\" \/>\n<link rel=\"canonical\" href=\"https:\/\/dzima.com\/en\/investor\/\" \/>\n<meta property=\"og:locale\" content=\"en_US\" \/>\n<meta property=\"og:type\" content=\"article\" \/>\n<meta property=\"og:title\" content=\"Shareholders - DZM\" \/>\n<meta property=\"og:description\" content=\"[vc_row css=&#8221;.vc_custom_1608804354963{padding-bottom: 143px !important;}&#8221;][vc_column][vc_custom_heading text=&#8221;2020&#8243; font_container=&#8221;tag:h2|text_align:left|color:%23e12f2f&#8221; use_theme_fonts=&#8221;yes&#8221; el_class=&#8221;title-gt-con&#8221;][vc_custom_heading text=&#8221;B\u00e1o c\u00e1o t\u00e0i ch\u00ednh h\u1ee3p nh\u1ea5t, qu\u00fd 3&#8243; use_theme_fonts=&#8221;yes&#8221; link=&#8221;url:https%3A%2F%2Fdzima.com%2Fwp-content%2Fuploads%2F2020%2F12%2FBao-cao-tai-chinh-Quy-3-2020-hop-nhat_signed.pdf&#8221; el_class=&#8221;down_pdf&#8221;][vc_custom_heading text=&#8221;B\u00e1o c\u00e1o t\u00e0i ch\u00ednh c\u00f4ng ty m\u1eb9, qu\u00fd 3&#8243; use_theme_fonts=&#8221;yes&#8221; link=&#8221;url:https%3A%2F%2Fdzima.com%2Fwp-content%2Fuploads%2F2020%2F12%2FBao-cao-tai-chinh-Quy-3-2020-me_signed.pdf&#8221; el_class=&#8221;down_pdf&#8221;][vc_custom_heading text=&#8221;B\u00e1o c\u00e1o t\u00e0i ch\u00ednh h\u1ee3p nh\u1ea5t 6 th\u00e1ng \u0111\u1ea7u n\u0103m&#8221; use_theme_fonts=&#8221;yes&#8221; link=&#8221;url:https%3A%2F%2Fdzima.com%2Fwp-content%2Fuploads%2F2020%2F12%2FBao-cao-tai-chinh-6T-nam-2020-hop-nhat_signed.pdf&#8221; el_class=&#8221;down_pdf&#8221;][vc_custom_heading text=&#8221;B\u00e1o c\u00e1o t\u00e0i ch\u00ednh h\u1ee3p nh\u1ea5t, qu\u00fd 2&#8243; use_theme_fonts=&#8221;yes&#8221; link=&#8221;url:https%3A%2F%2Fdzima.com%2Fwp-content%2Fuploads%2F2020%2F12%2FBao-cao-tai-chinh-Quy-1-2020-me_signed.pdf&#8221; el_class=&#8221;down_pdf&#8221;][vc_custom_heading\" \/>\n<meta property=\"og:url\" content=\"https:\/\/dzima.com\/en\/investor\/\" \/>\n<meta property=\"og:site_name\" content=\"DZM\" \/>\n<meta property=\"article:modified_time\" content=\"2021-02-04T10:10:01+00:00\" \/>\n<meta property=\"og:image\" content=\"https:\/\/dzima.com\/wp-content\/uploads\/2020\/12\/bg-home.jpeg\" \/>\n\t<meta property=\"og:image:width\" content=\"1358\" \/>\n\t<meta property=\"og:image:height\" content=\"495\" \/>\n<meta name=\"twitter:card\" content=\"summary_large_image\" \/>\n<meta name=\"twitter:label1\" content=\"Est. reading time\">\n\t<meta name=\"twitter:data1\" content=\"1 minute\">\n<script type=\"application\/ld+json\" class=\"yoast-schema-graph\">{\"@context\":\"https:\/\/schema.org\",\"@graph\":[{\"@type\":\"WebSite\",\"@id\":\"https:\/\/dzima.com\/#website\",\"url\":\"https:\/\/dzima.com\/\",\"name\":\"DZM\",\"description\":\"M\\u00e1y ph\\u00e1t \\u0111i\\u1ec7n - M\\u00e1y th\\u1ee7y - Pin kh\\u1edfi \\u0111\\u1ed9ng\",\"potentialAction\":[{\"@type\":\"SearchAction\",\"target\":\"https:\/\/dzima.com\/?s={search_term_string}\",\"query-input\":\"required name=search_term_string\"}],\"inLanguage\":\"en-US\"},{\"@type\":\"WebPage\",\"@id\":\"https:\/\/dzima.com\/en\/investor\/#webpage\",\"url\":\"https:\/\/dzima.com\/en\/investor\/\",\"name\":\"Shareholders - DZM\",\"isPartOf\":{\"@id\":\"https:\/\/dzima.com\/#website\"},\"datePublished\":\"2020-12-24T10:19:29+00:00\",\"dateModified\":\"2021-02-04T10:10:01+00:00\",\"inLanguage\":\"en-US\",\"potentialAction\":[{\"@type\":\"ReadAction\",\"target\":[\"https:\/\/dzima.com\/en\/investor\/\"]}]}]}<\/script>\n<!-- \/ Yoast SEO plugin. -->","_links":{"self":[{"href":"https:\/\/dzima.com\/en\/wp-json\/wp\/v2\/pages\/1840"}],"collection":[{"href":"https:\/\/dzima.com\/en\/wp-json\/wp\/v2\/pages"}],"about":[{"href":"https:\/\/dzima.com\/en\/wp-json\/wp\/v2\/types\/page"}],"author":[{"embeddable":true,"href":"https:\/\/dzima.com\/en\/wp-json\/wp\/v2\/users\/1"}],"replies":[{"embeddable":true,"href":"https:\/\/dzima.com\/en\/wp-json\/wp\/v2\/comments?post=1840"}],"version-history":[{"count":10,"href":"https:\/\/dzima.com\/en\/wp-json\/wp\/v2\/pages\/1840\/revisions"}],"predecessor-version":[{"id":2144,"href":"https:\/\/dzima.com\/en\/wp-json\/wp\/v2\/pages\/1840\/revisions\/2144"}],"wp:attachment":[{"href":"https:\/\/dzima.com\/en\/wp-json\/wp\/v2\/media?parent=1840"}],"curies":[{"name":"wp","href":"https:\/\/api.w.org\/{rel}","templated":true}]}}