{"id":1523,"date":"2020-08-04T07:22:18","date_gmt":"2020-08-04T07:22:18","guid":{"rendered":"https:\/\/dzima.com\/gioi-thieu\/"},"modified":"2021-05-09T12:56:40","modified_gmt":"2021-05-09T12:56:40","slug":"gioi-thieu","status":"publish","type":"page","link":"https:\/\/dzima.com\/en\/gioi-thieu\/","title":{"rendered":"About DZM"},"content":{"rendered":"<p>[vc_row full_width=&#8221;stretch_row&#8221; css=&#8221;.vc_custom_1608193800313{background: #ffffff url(https:\/\/dzima.com\/wp-content\/uploads\/2020\/12\/banner-sm-3.jpg?id=1506) !important;background-position: center !important;background-repeat: no-repeat !important;background-size: cover !important;}&#8221; el_class=&#8221;bg-gradient&#8221;][vc_column][vc_row_inner css=&#8221;.vc_custom_1608193337355{padding-top: 60px !important;}&#8221;][vc_column_inner width=&#8221;1\/3&#8243;][vc_custom_heading text=&#8221;Vision&#8221; font_container=&#8221;tag:h2|text_align:left|color:%23e12f2f&#8221; use_theme_fonts=&#8221;yes&#8221; el_class=&#8221;title-gt-con&#8221; css=&#8221;.vc_custom_1609735285712{padding-bottom: 15px !important;}&#8221;][vc_column_text]<\/p>\n<p style=\"text-align: left;\">Vietnam&#8217;s leading diesel engine and generator expert.<\/p>\n<p>[\/vc_column_text][\/vc_column_inner][vc_column_inner width=&#8221;1\/3&#8243;][\/vc_column_inner][vc_column_inner width=&#8221;1\/3&#8243;][vc_custom_heading text=&#8221;Values&#8221; font_container=&#8221;tag:h2|text_align:left|color:%23e12f2f&#8221; use_theme_fonts=&#8221;yes&#8221; el_class=&#8221;title-gt-con&#8221; css=&#8221;.vc_custom_1609735467431{padding-bottom: 15px !important;}&#8221;][vc_column_text]Devoted<br \/>\nProfessional<br \/>\nAdvanced[\/vc_column_text][\/vc_column_inner][\/vc_row_inner][vc_custom_heading text=&#8221;Mission&#8221; font_container=&#8221;tag:h2|text_align:left|color:%23e12f2f&#8221; use_theme_fonts=&#8221;yes&#8221; el_class=&#8221;title-gt-con&#8221; css=&#8221;.vc_custom_1609735460248{padding-bottom: 15px !important;}&#8221;][vc_column_text css=&#8221;.vc_custom_1609735444766{margin-bottom: 30px !important;}&#8221;]To acquire the latest knowledge and technology about diesel engines and generators<br \/>\nOffers the most diverse range of products and services for diesel engines and generators<br \/>\nWilling to expand activities to related fields.[\/vc_column_text][\/vc_column][\/vc_row][vc_row full_width=&#8221;stretch_row&#8221; css=&#8221;.vc_custom_1606466736184{padding-top: 0px !important;padding-bottom: 0px !important;background-image: url(http:\/\/dzima.southteam.vn\/wp-content\/uploads\/2020\/11\/pexels-photo-1109543.jpeg?id=325) !important;background-position: center !important;background-repeat: no-repeat !important;background-size: cover !important;}&#8221; el_class=&#8221;box-aboutus&#8221;][vc_column][vc_custom_heading text=&#8221;About DZM&#8221; font_container=&#8221;tag:h2|text_align:center|color:%23e12f2f&#8221; use_theme_fonts=&#8221;yes&#8221; el_class=&#8221;title-gt-con&#8221; css=&#8221;.vc_custom_1609735172341{padding-bottom: 15px !important;}&#8221;][vc_column_text]DZI AN MECHANOELECTRIC JSC was established in 2001 and is a leading generator manufacturer in Vietnam. DZM generator from 5 to 3000kVA so far has been trusted by domestic customers and is exported to neighboring countries. Our strategy is to continuously improve DZM products suitable for many different customers to achieve the goal: DZM \u2013 generators for 1001 applications.<br \/>\nDZM became the first joint-stock company in the generator industry to be listed on the Vietnamese stock market. We have production facilities in Binh Duong, Dac Nong and technical services in Hanoi, Da Nang and Ho Chi Minh City. We also have sales agents and technical services in Cambodia, Singapore, Myanmar and are expanding to other countries in the region.<br \/>\nThe quality of DZM generators is strictly controlled according to the standards: CE, ISO 9001: 2015 and ISO 14001:2015<br \/>\nSince 2015, we have also expanded our business scope to include marine engine products and marine generators. Our marine engines have a capacity of 40 \u2013 1000 HP from FPT and FNM brands with a history of over 100 years of Italy. The marine generator of DZM has a capacity of 10 \u2013 400 kVA using marine engine FPT, Kubota and assembled at DZM factory.<br \/>\nWe are also continuing to expand our business to other high-end products such as flood-resistant pumps, uninterruptible power solutions, and remote monitoring solutions. These products and services will meet the market demand in the future.<br \/>\nDZM always tries our best to become a generator supplier DEVOTED\u00a0\u2013 PROFESSIONAL \u2013 ADVANCED[\/vc_column_text][vc_custom_heading text=&#8221;Catalog&#8221; use_theme_fonts=&#8221;yes&#8221; el_class=&#8221;catalog-file&#8221; link=&#8221;url:https%3A%2F%2Fdzima.com%2Fwp-content%2Fuploads%2F2021%2F05%2FDzima-Profile-2021-v2.pdf&#8221;][\/vc_column][\/vc_row][vc_row full_width=&#8221;stretch_row&#8221; equal_height=&#8221;yes&#8221; disable_element=&#8221;yes&#8221; css=&#8221;.vc_custom_1608169875168{background-position: center !important;background-repeat: no-repeat !important;background-size: contain !important;}&#8221;][vc_column width=&#8221;1\/4&#8243; css=&#8221;.vc_custom_1608110770806{background-image: url(https:\/\/dzima.com\/wp-content\/uploads\/2020\/12\/banner-1-3.jpg?id=1479) !important;background-position: center !important;background-repeat: no-repeat !important;background-size: cover !important;}&#8221; el_class=&#8221;bg-p-bot&#8221;][vc_custom_heading text=&#8221;T\u1ea7m nh\u00ecn&#8221; font_container=&#8221;tag:h2|font_size:27px|text_align:center|color:%23e12f2f&#8221; use_theme_fonts=&#8221;yes&#8221; el_class=&#8221;text-vmv&#8221;][vc_column_text el_class=&#8221;text-tnsmgt&#8221;]<\/p>\n<p style=\"text-align: left;\">Chuy\u00ean gia h\u00e0ng \u0111\u1ea7u Vi\u1ec7t Nam v\u1ec1 \u0111\u1ed9ng c\u01a1 v\u00e0 m\u00e1y ph\u00e1t \u0111i\u1ec7n diesel.<\/p>\n<p>[\/vc_column_text][\/vc_column][vc_column width=&#8221;1\/2&#8243; css=&#8221;.vc_custom_1608110775182{background-image: url(https:\/\/dzima.com\/wp-content\/uploads\/2020\/12\/banner-2-1.jpg?id=1480) !important;background-position: center !important;background-repeat: no-repeat !important;background-size: cover !important;}&#8221; el_class=&#8221;bg-p-bot&#8221;][vc_custom_heading text=&#8221;S\u1ee9 m\u1ec7nh&#8221; font_container=&#8221;tag:h2|font_size:27px|text_align:center|color:%23e12f2f&#8221; use_theme_fonts=&#8221;yes&#8221; el_class=&#8221;text-vmv&#8221;][vc_column_text css=&#8221;.vc_custom_1608109782129{margin-bottom: 30px !important;}&#8221; el_class=&#8221;text-tnsmgt&#8221;]Ti\u1ebfp thu h\u1ecdc h\u1ecfi ki\u1ebfn th\u1ee9c v\u00e0 c\u00f4ng ngh\u1ec7 m\u1edbi nh\u1ea5t v\u1ec1 \u0111\u1ed9ng c\u01a1 v\u00e0 m\u00e1y ph\u00e1t \u0111i\u1ec7n diesel<br \/>\nCung c\u1ea5p s\u1ea3n ph\u1ea9m v\u00e0 d\u1ecbch v\u1ee5 \u0111a d\u1ea1ng nh\u1ea5t ph\u1ee5c v\u1ee5 nhu c\u1ea7u v\u1ec1 \u0111\u1ed9ng c\u01a1 v\u00e0 m\u00e1y ph\u00e1t \u0111i\u1ec7n diesel<br \/>\nS\u1eb5n s\u00e0ng m\u1edf r\u1ed9ng ho\u1ea1t \u0111\u1ed9ng t\u1edbi c\u00e1c l\u0129nh v\u1ef1c li\u00ean quan[\/vc_column_text][\/vc_column][vc_column width=&#8221;1\/4&#8243; css=&#8221;.vc_custom_1608110780455{background-image: url(https:\/\/dzima.com\/wp-content\/uploads\/2020\/12\/banner-3-1.jpg?id=1481) !important;background-position: center !important;background-repeat: no-repeat !important;background-size: cover !important;}&#8221; el_class=&#8221;bg-p-bot&#8221;][vc_custom_heading text=&#8221;Gi\u00e1 tr\u1ecb c\u1ed1t l\u00f5i&#8221; font_container=&#8221;tag:h2|font_size:27px|text_align:center|color:%23e12f2f&#8221; use_theme_fonts=&#8221;yes&#8221; el_class=&#8221;text-vmv&#8221;][vc_column_text el_class=&#8221;text-tnsmgt&#8221;]T\u1eadn t\u00e2m, chuy\u00ean nghi\u1ec7p, ti\u00ean ti\u1ebfn.[\/vc_column_text][\/vc_column][\/vc_row][vc_row full_width=&#8221;stretch_row&#8221; css=&#8221;.vc_custom_1605750878350{background-color: #ffffff !important;}&#8221;][vc_column][vc_row_inner][vc_column_inner][vc_custom_heading text=&#8221;History&#8221; font_container=&#8221;tag:h2|text_align:center|color:%23e12f2f&#8221; use_theme_fonts=&#8221;yes&#8221; el_class=&#8221;title-gt-con&#8221; css=&#8221;.vc_custom_1609735504746{padding-bottom: 15px !important;}&#8221;][\/vc_column_inner][\/vc_row_inner][vc_single_image image=&#8221;1445&#8243; img_size=&#8221;full&#8221; alignment=&#8221;center&#8221; css=&#8221;.vc_custom_1607936493247{margin-bottom: 0px !important;}&#8221; el_class=&#8221;ha-qtpt&#8221;][\/vc_column][\/vc_row][vc_row full_width=&#8221;stretch_row_content_no_spaces&#8221; disable_element=&#8221;yes&#8221; css=&#8221;.vc_custom_1605750767018{background-color: #ffffff !important;}&#8221;][vc_column][vc_row_inner][vc_column_inner width=&#8221;1\/6&#8243;][\/vc_column_inner][vc_column_inner width=&#8221;2\/3&#8243;][vc_custom_heading text=&#8221;L\u1ecbch S\u1eed H\u00ecnh Th\u00e0nh&#8221; font_container=&#8221;tag:h6|text_align:center|color:%23ed3237&#8243; use_theme_fonts=&#8221;yes&#8221; el_class=&#8221;title-gt-con&#8221;][\/vc_column_inner][vc_column_inner width=&#8221;1\/6&#8243;][\/vc_column_inner][\/vc_row_inner]\n<section class=\"ps-timeline-sec\">\n        <div class=\"container\">\n            <ol class=\"ps-timeline\">\n\t\t\t\t\t\t\t\t<li>\n                    <div class=\"ps-top\">\n                        <p>Th\u00e0nh l\u1eadp v\u00e0 m\u1edf nh\u00e0 m\u00e1y \u1edf S\u00f3ng Th\u1ea7n, B\u00ecnh D\u01b0\u01a1ng<\/p>\n                    <\/div>\n                    <span class=\"ps-sp-bot\">2002<\/span>\n                <\/li>\n\t\t\t\t\t\t<li>\n                    <div class=\"ps-top\">\n                        <p>Ch\u1ee9ng nh\u1eadn ISO 9001: 2008<\/p>\n                    <\/div>\n                    <span class=\"ps-sp-bot\">2004<\/span>\n                <\/li>\n\t\t\t\t\t\t<li>\n                    <div class=\"ps-top\">\n                        <p>Nh\u00e0 m\u00e1y \u1edf T\u00e2n Th\u1eafng, Dak N\u00f4ng<\/p>\n                    <\/div>\n                    <span class=\"ps-sp-bot\">2012<\/span>\n                <\/li>\n\t\t\t\t\t\t<li>\n                    <div class=\"ps-top\">\n                        <p>M\u00e1y th\u1ee7y FPT<\/p>\n                    <\/div>\n                    <span class=\"ps-sp-bot\">2014<\/span>\n                <\/li>\n\t\t\t\t\t\t<li>\n                    <div class=\"ps-top\">\n                        <p>Nh\u00e0 tr\u1ea1m vi\u1ec5n th\u00f4ng<\/p>\n                    <\/div>\n                    <span class=\"ps-sp-bot\">2015<\/span>\n                <\/li>\n\t\t\t\t\t\t<li>\n                    <div class=\"ps-top\">\n                        <p>DRUPS<\/p>\n                    <\/div>\n                    <span class=\"ps-sp-bot\">2018<\/span>\n                <\/li>\n\t\t             <\/ol>\n        <\/div>\n    <\/section>\n[\/vc_column][\/vc_row]<\/p>\n","protected":false},"excerpt":{"rendered":"<p>[vc_row full_width=&#8221;stretch_row&#8221; css=&#8221;.vc_custom_1608193800313{background: #ffffff url(https:\/\/dzima.com\/wp-content\/uploads\/2020\/12\/banner-sm-3.jpg?id=1506) !important;background-position: center !important;background-repeat: no-repeat !important;background-size: cover !important;}&#8221; el_class=&#8221;bg-gradient&#8221;][vc_column][vc_row_inner css=&#8221;.vc_custom_1608193337355{padding-top: 60px !important;}&#8221;][vc_column_inner width=&#8221;1\/3&#8243;][vc_custom_heading text=&#8221;Vision&#8221; font_container=&#8221;tag:h2|text_align:left|color:%23e12f2f&#8221; use_theme_fonts=&#8221;yes&#8221; el_class=&#8221;title-gt-con&#8221; css=&#8221;.vc_custom_1609735285712{padding-bottom: 15px !important;}&#8221;][vc_column_text] Vietnam&#8217;s leading diesel engine and generator expert. [\/vc_column_text][\/vc_column_inner][vc_column_inner width=&#8221;1\/3&#8243;][\/vc_column_inner][vc_column_inner width=&#8221;1\/3&#8243;][vc_custom_heading text=&#8221;Values&#8221; font_container=&#8221;tag:h2|text_align:left|color:%23e12f2f&#8221; use_theme_fonts=&#8221;yes&#8221; el_class=&#8221;title-gt-con&#8221; css=&#8221;.vc_custom_1609735467431{padding-bottom: 15px !important;}&#8221;][vc_column_text]Devoted Professional Advanced[\/vc_column_text][\/vc_column_inner][\/vc_row_inner][vc_custom_heading text=&#8221;Mission&#8221; font_container=&#8221;tag:h2|text_align:left|color:%23e12f2f&#8221; use_theme_fonts=&#8221;yes&#8221; el_class=&#8221;title-gt-con&#8221; css=&#8221;.vc_custom_1609735460248{padding-bottom: 15px !important;}&#8221;][vc_column_text css=&#8221;.vc_custom_1609735444766{margin-bottom: 30px !important;}&#8221;]To acquire the<\/p>\n","protected":false},"author":1,"featured_media":0,"parent":0,"menu_order":0,"comment_status":"closed","ping_status":"closed","template":"page-templates\/fullwidthpage.php","meta":[],"yoast_head":"<!-- This site is optimized with the Yoast SEO plugin v15.5 - https:\/\/yoast.com\/wordpress\/plugins\/seo\/ -->\n<title>About DZM - DZM<\/title>\n<meta name=\"robots\" content=\"index, follow, max-snippet:-1, max-image-preview:large, max-video-preview:-1\" \/>\n<link rel=\"canonical\" href=\"https:\/\/dzima.com\/en\/gioi-thieu\/\" \/>\n<meta property=\"og:locale\" content=\"en_US\" \/>\n<meta property=\"og:type\" content=\"article\" \/>\n<meta property=\"og:title\" content=\"About DZM - DZM\" \/>\n<meta property=\"og:description\" content=\"[vc_row full_width=&#8221;stretch_row&#8221; css=&#8221;.vc_custom_1608193800313{background: #ffffff url(https:\/\/dzima.com\/wp-content\/uploads\/2020\/12\/banner-sm-3.jpg?id=1506) !important;background-position: center !important;background-repeat: no-repeat !important;background-size: cover !important;}&#8221; el_class=&#8221;bg-gradient&#8221;][vc_column][vc_row_inner css=&#8221;.vc_custom_1608193337355{padding-top: 60px !important;}&#8221;][vc_column_inner width=&#8221;1\/3&#8243;][vc_custom_heading text=&#8221;Vision&#8221; font_container=&#8221;tag:h2|text_align:left|color:%23e12f2f&#8221; use_theme_fonts=&#8221;yes&#8221; el_class=&#8221;title-gt-con&#8221; css=&#8221;.vc_custom_1609735285712{padding-bottom: 15px !important;}&#8221;][vc_column_text] Vietnam&#8217;s leading diesel engine and generator expert. [\/vc_column_text][\/vc_column_inner][vc_column_inner width=&#8221;1\/3&#8243;][\/vc_column_inner][vc_column_inner width=&#8221;1\/3&#8243;][vc_custom_heading text=&#8221;Values&#8221; font_container=&#8221;tag:h2|text_align:left|color:%23e12f2f&#8221; use_theme_fonts=&#8221;yes&#8221; el_class=&#8221;title-gt-con&#8221; css=&#8221;.vc_custom_1609735467431{padding-bottom: 15px !important;}&#8221;][vc_column_text]Devoted Professional Advanced[\/vc_column_text][\/vc_column_inner][\/vc_row_inner][vc_custom_heading text=&#8221;Mission&#8221; font_container=&#8221;tag:h2|text_align:left|color:%23e12f2f&#8221; use_theme_fonts=&#8221;yes&#8221; el_class=&#8221;title-gt-con&#8221; css=&#8221;.vc_custom_1609735460248{padding-bottom: 15px !important;}&#8221;][vc_column_text css=&#8221;.vc_custom_1609735444766{margin-bottom: 30px !important;}&#8221;]To acquire the\" \/>\n<meta property=\"og:url\" content=\"https:\/\/dzima.com\/en\/gioi-thieu\/\" \/>\n<meta property=\"og:site_name\" content=\"DZM\" \/>\n<meta property=\"article:modified_time\" content=\"2021-05-09T12:56:40+00:00\" \/>\n<meta property=\"og:image\" content=\"https:\/\/dzima.com\/wp-content\/uploads\/2020\/12\/bg-home.jpeg\" \/>\n\t<meta property=\"og:image:width\" content=\"1358\" \/>\n\t<meta property=\"og:image:height\" content=\"495\" \/>\n<meta name=\"twitter:card\" content=\"summary_large_image\" \/>\n<meta name=\"twitter:label1\" content=\"Est. reading time\">\n\t<meta name=\"twitter:data1\" content=\"5 minutes\">\n<script type=\"application\/ld+json\" class=\"yoast-schema-graph\">{\"@context\":\"https:\/\/schema.org\",\"@graph\":[{\"@type\":\"WebSite\",\"@id\":\"https:\/\/dzima.com\/#website\",\"url\":\"https:\/\/dzima.com\/\",\"name\":\"DZM\",\"description\":\"M\\u00e1y ph\\u00e1t \\u0111i\\u1ec7n - M\\u00e1y th\\u1ee7y - Pin kh\\u1edfi \\u0111\\u1ed9ng\",\"potentialAction\":[{\"@type\":\"SearchAction\",\"target\":\"https:\/\/dzima.com\/?s={search_term_string}\",\"query-input\":\"required name=search_term_string\"}],\"inLanguage\":\"en-US\"},{\"@type\":\"WebPage\",\"@id\":\"https:\/\/dzima.com\/en\/gioi-thieu\/#webpage\",\"url\":\"https:\/\/dzima.com\/en\/gioi-thieu\/\",\"name\":\"About DZM - DZM\",\"isPartOf\":{\"@id\":\"https:\/\/dzima.com\/#website\"},\"datePublished\":\"2020-08-04T07:22:18+00:00\",\"dateModified\":\"2021-05-09T12:56:40+00:00\",\"inLanguage\":\"en-US\",\"potentialAction\":[{\"@type\":\"ReadAction\",\"target\":[\"https:\/\/dzima.com\/en\/gioi-thieu\/\"]}]}]}<\/script>\n<!-- \/ Yoast SEO plugin. -->","_links":{"self":[{"href":"https:\/\/dzima.com\/en\/wp-json\/wp\/v2\/pages\/1523"}],"collection":[{"href":"https:\/\/dzima.com\/en\/wp-json\/wp\/v2\/pages"}],"about":[{"href":"https:\/\/dzima.com\/en\/wp-json\/wp\/v2\/types\/page"}],"author":[{"embeddable":true,"href":"https:\/\/dzima.com\/en\/wp-json\/wp\/v2\/users\/1"}],"replies":[{"embeddable":true,"href":"https:\/\/dzima.com\/en\/wp-json\/wp\/v2\/comments?post=1523"}],"version-history":[{"count":17,"href":"https:\/\/dzima.com\/en\/wp-json\/wp\/v2\/pages\/1523\/revisions"}],"predecessor-version":[{"id":2620,"href":"https:\/\/dzima.com\/en\/wp-json\/wp\/v2\/pages\/1523\/revisions\/2620"}],"wp:attachment":[{"href":"https:\/\/dzima.com\/en\/wp-json\/wp\/v2\/media?parent=1523"}],"curies":[{"name":"wp","href":"https:\/\/api.w.org\/{rel}","templated":true}]}}